{"id":8854,"date":"2023-09-15T22:50:20","date_gmt":"2023-09-15T22:50:20","guid":{"rendered":"https:\/\/lokkomonkeys.com\/?page_id=8854"},"modified":"2023-09-30T18:47:24","modified_gmt":"2023-09-30T18:47:24","slug":"audiovisual","status":"publish","type":"page","link":"https:\/\/lokkomonkeys.com\/en_en\/audiovisual\/","title":{"rendered":"AUDIO VISUAL"},"content":{"rendered":"<div class=\"grve-section grve-row-section grve-fullwidth grve-padding-bottom-5x grve-with-bg-color\" data-header-color=\"default\"  style=\"background-color:#000000;\"><div class=\"grve-container\"><div class=\"grve-row grve-bookmark grve-columns-gap-none grve-mobile-vertical-gap-50\"><div class=\"grve-column wpb_column grve-bookmark grve-column-1 grve-wpb-1696099564002 grve-column-fullheight grve-tablet-column-1 grve-tablet-sm-column-1 grve-with-bg-transparent grve-align-center\"><div class=\"grve-column-wrapper\"><div class=\"grve-column-content\" ><div class=\"grve-element grve-text\">\n\t\t\t<p><span style=\"color: #ffffff;\">Audiovisual production plays an essential role in the way society creates and consumes content.<\/span><\/p>\n<p><span style=\"color: #ffffff;\">It's no surprise that it's one of the top communication tools for individuals and businesses today.<\/span><\/p>\n<p><span style=\"color: #ffffff;\">After all, we have never consumed so many video formats.<\/span><\/p>\n\n\t\t<\/div>\n\t<\/div><\/div><\/div><\/div><\/div><\/div><div class=\"grve-section grve-row-section grve-fullwidth-background grve-with-bg-color\" data-header-color=\"default\"  style=\"background-color:#000000;\"><div class=\"grve-container\"><div class=\"grve-row grve-bookmark grve-columns-gap-default grve-mobile-vertical-gap-30\"><div class=\"grve-column wpb_column grve-bookmark grve-column-1 grve-wpb-1693524007930 grve-with-bg-color\"><div class=\"grve-column-wrapper\"  style=\"background-color:#000000;\"><div class=\"grve-column-content\" ><div class=\"grve-inner-section grve-headings-white grve-with-bg-transparent\"  style=\"color:#ffffff;\"><div class=\"grve-row-inner grve-bookmark grve-columns-gap-none\"><div class=\"grve-column-inner wpb_column grve-column-1-3 grve-wpb-1694051294453 grve-with-bg-color\"><div class=\"grve-column-wrapper-inner\"  style=\"background-color:#000000;\"><div class=\"grve-column-inner-content\" ><div class=\"grve-element grve-box-icon grve-medium grve-top-icon grve-align-center\"><div class=\"grve-wrapper-icon grve-image-icon\"><div class=\"grve-thumbnail-wrapper\"  style=\"width: 90px;\"><div class=\"grve-thumbnail\"  style=\"padding-top: 100%;\"><img decoding=\"async\" width=\"90\" height=\"90\" src=\"https:\/\/i0.wp.com\/lokkomonkeys.com\/wp-content\/uploads\/2023\/09\/LOKKO-MONKEYS_icone-realizador.jpg?fit=90%2C90&amp;ssl=1\" class=\"attachment-full size-full grve-lazy-load lazyload\" alt=\"\" data-column-space=\"auto\" data-lazyload=\"\" data-grve-filter=\"yes\" data-src=\"https:\/\/i0.wp.com\/lokkomonkeys.com\/wp-content\/uploads\/2023\/09\/LOKKO-MONKEYS_icone-realizador.jpg?fit=90%2C90&amp;ssl=1\" data-sizes=\"auto\" data-srcset=\"\" data-expand=\"1\" \/><\/div><\/div><\/div><div class=\"grve-box-content\"><h3 class=\"grve-box-title grve-h6 grve-text-primary-2\">DIRECTOR<\/h3><p class=\"\">The director must have a deep understanding of every detail of the script, maintaining a cohesive narrative during the filming of each shot. This skill is especially crucial in extensive productions such as films, advertising videos, and corporate films.\n\n\n<\/p><\/div><\/div><\/div><\/div><\/div><div class=\"grve-column-inner wpb_column grve-column-1-3 grve-wpb-1694051340848 grve-with-bg-color\"><div class=\"grve-column-wrapper-inner\"  style=\"background-color:#000000;\"><div class=\"grve-column-inner-content\" ><div class=\"grve-element grve-box-icon grve-medium grve-top-icon grve-align-center\"><div class=\"grve-wrapper-icon grve-image-icon\"><div class=\"grve-thumbnail-wrapper\"  style=\"width: 90px;\"><div class=\"grve-thumbnail\"  style=\"padding-top: 100%;\"><img decoding=\"async\" width=\"90\" height=\"90\" src=\"https:\/\/i0.wp.com\/lokkomonkeys.com\/wp-content\/uploads\/2023\/09\/LOKKO-MONKEYS_icone-montagem.jpg?fit=90%2C90&amp;ssl=1\" class=\"attachment-full size-full grve-lazy-load lazyload\" alt=\"\" data-column-space=\"auto\" data-lazyload=\"\" data-grve-filter=\"yes\" data-src=\"https:\/\/i0.wp.com\/lokkomonkeys.com\/wp-content\/uploads\/2023\/09\/LOKKO-MONKEYS_icone-montagem.jpg?fit=90%2C90&amp;ssl=1\" data-sizes=\"auto\" data-srcset=\"\" data-expand=\"1\" \/><\/div><\/div><\/div><div class=\"grve-box-content\"><h3 class=\"grve-box-title grve-h6 grve-text-primary-2\">EDIT<\/h3><p class=\"\">The true art of editing hones the visual narrative, ensuring the desired flow and impact. Editing is a fusion of creativity and technique in the post-production stage. This is where excesses are trimmed and cuts are refined, breathing life into the video.<br \/>\n<\/p><\/div><\/div><\/div><\/div><\/div><div class=\"grve-column-inner wpb_column grve-column-1-3 grve-wpb-1694051349233 grve-with-bg-color\"><div class=\"grve-column-wrapper-inner\"  style=\"background-color:#000000;\"><div class=\"grve-column-inner-content\" ><div class=\"grve-element grve-box-icon grve-medium grve-top-icon grve-align-center\"><div class=\"grve-wrapper-icon grve-image-icon\"><div class=\"grve-thumbnail-wrapper\"  style=\"width: 90px;\"><div class=\"grve-thumbnail\"  style=\"padding-top: 100%;\"><img decoding=\"async\" width=\"90\" height=\"90\" src=\"https:\/\/i0.wp.com\/lokkomonkeys.com\/wp-content\/uploads\/2023\/09\/LOKKO-MONKEYS_icone-AUDIO.jpg?fit=90%2C90&amp;ssl=1\" class=\"attachment-full size-full grve-lazy-load lazyload\" alt=\"\" data-column-space=\"auto\" data-lazyload=\"\" data-grve-filter=\"yes\" data-src=\"https:\/\/i0.wp.com\/lokkomonkeys.com\/wp-content\/uploads\/2023\/09\/LOKKO-MONKEYS_icone-AUDIO.jpg?fit=90%2C90&amp;ssl=1\" data-sizes=\"auto\" data-srcset=\"\" data-expand=\"1\" \/><\/div><\/div><\/div><div class=\"grve-box-content\"><h3 class=\"grve-box-title grve-h6 grve-text-primary-2\">CAPTURE<\/h3><p class=\"\">The strategic selection of audio elements is essential in video editing as it shapes the atmosphere and enhances the narrative. Furthermore, we handle sound capture, which is crucial for recording audio during the filming of an audiovisual project.<br \/>\n<\/p><\/div><\/div><\/div><\/div><\/div><\/div><\/div><div class=\"grve-inner-section grve-headings-white grve-with-bg-transparent\"  style=\"color:#ffffff;\"><div class=\"grve-row-inner grve-bookmark grve-columns-gap-none\"><div class=\"grve-column-inner wpb_column grve-column-1-3 grve-wpb-1694051370571 grve-with-bg-color\"><div class=\"grve-column-wrapper-inner\"  style=\"background-color:#000000;\"><div class=\"grve-column-inner-content\" ><div class=\"grve-element grve-box-icon grve-medium grve-top-icon grve-align-center\"><div class=\"grve-wrapper-icon grve-image-icon\"><div class=\"grve-thumbnail-wrapper\"  style=\"width: 90px;\"><div class=\"grve-thumbnail\"  style=\"padding-top: 100%;\"><img loading=\"lazy\" decoding=\"async\" width=\"90\" height=\"90\" src=\"https:\/\/i0.wp.com\/lokkomonkeys.com\/wp-content\/uploads\/2023\/09\/LOKKO-MONKEYS_icone-colrimetria.jpg?fit=90%2C90&amp;ssl=1\" class=\"attachment-full size-full grve-lazy-load lazyload\" alt=\"\" data-column-space=\"auto\" data-lazyload=\"\" data-grve-filter=\"yes\" data-src=\"https:\/\/i0.wp.com\/lokkomonkeys.com\/wp-content\/uploads\/2023\/09\/LOKKO-MONKEYS_icone-colrimetria.jpg?fit=90%2C90&amp;ssl=1\" data-sizes=\"auto\" data-srcset=\"\" data-expand=\"1\" \/><\/div><\/div><\/div><div class=\"grve-box-content\"><h3 class=\"grve-box-title grve-h6 grve-text-primary-2\">COLORIST<\/h3><p class=\"\">Colorization, or color correction, is essential for the quality and identity of an audiovisual production. The colorist works to categorize, align, and adjust the colors in the images, considering the visual concept of the production.<br \/>\n<\/p><\/div><\/div><\/div><\/div><\/div><div class=\"grve-column-inner wpb_column grve-column-1-3 grve-wpb-1694051390812 grve-with-bg-color\"><div class=\"grve-column-wrapper-inner\"  style=\"background-color:#000000;\"><div class=\"grve-column-inner-content\" ><div class=\"grve-element grve-box-icon grve-medium grve-top-icon grve-align-center\"><div class=\"grve-wrapper-icon grve-image-icon\"><div class=\"grve-thumbnail-wrapper\"  style=\"width: 90px;\"><div class=\"grve-thumbnail\"  style=\"padding-top: 100%;\"><img loading=\"lazy\" decoding=\"async\" width=\"90\" height=\"90\" src=\"https:\/\/i0.wp.com\/lokkomonkeys.com\/wp-content\/uploads\/2023\/09\/LOKKO-MONKEYS_icone-animacao.jpg?fit=90%2C90&amp;ssl=1\" class=\"attachment-full size-full grve-lazy-load lazyload\" alt=\"\" data-column-space=\"auto\" data-lazyload=\"\" data-grve-filter=\"yes\" data-src=\"https:\/\/i0.wp.com\/lokkomonkeys.com\/wp-content\/uploads\/2023\/09\/LOKKO-MONKEYS_icone-animacao.jpg?fit=90%2C90&amp;ssl=1\" data-sizes=\"auto\" data-srcset=\"\" data-expand=\"1\" \/><\/div><\/div><\/div><div class=\"grve-box-content\"><h3 class=\"grve-box-title grve-h6 grve-text-primary-2\">ANIMATION<\/h3><p class=\"\">Breathing life into logos and brands through graphic elements and visual effects. It goes beyond motion, conveying the brand's essence in an engaging way. It's a powerful tool to stand out in the digital realm and effectively communicate the brand's identity.<\/p><\/div><\/div><\/div><\/div><\/div><div class=\"grve-column-inner wpb_column grve-column-1-3 grve-wpb-1694051399397 grve-with-bg-color\"><div class=\"grve-column-wrapper-inner\"  style=\"background-color:#000000;\"><div class=\"grve-column-inner-content\" ><div class=\"grve-element grve-box-icon grve-medium grve-top-icon grve-align-center\"><div class=\"grve-wrapper-icon grve-image-icon\"><div class=\"grve-thumbnail-wrapper\"  style=\"width: 90px;\"><div class=\"grve-thumbnail\"  style=\"padding-top: 100%;\"><img loading=\"lazy\" decoding=\"async\" width=\"90\" height=\"90\" src=\"https:\/\/i0.wp.com\/lokkomonkeys.com\/wp-content\/uploads\/2023\/09\/LOKKO-MONKEYS_icone-transmissao-live.jpg?fit=90%2C90&amp;ssl=1\" class=\"attachment-full size-full grve-lazy-load lazyload\" alt=\"\" data-column-space=\"auto\" data-lazyload=\"\" data-grve-filter=\"yes\" data-src=\"https:\/\/i0.wp.com\/lokkomonkeys.com\/wp-content\/uploads\/2023\/09\/LOKKO-MONKEYS_icone-transmissao-live.jpg?fit=90%2C90&amp;ssl=1\" data-sizes=\"auto\" data-srcset=\"\" data-expand=\"1\" \/><\/div><\/div><\/div><div class=\"grve-box-content\"><h3 class=\"grve-box-title grve-h6 grve-text-primary-2\">STREAMING<\/h3><p class=\"\">Live internet broadcasting is our specialty, and we are confident that we can help you connect with your audience in a impactful manner. We recognize the importance of your presentation, and that's why we have highly qualified teams at your disposal.<br \/>\n<\/p><\/div><\/div><\/div><\/div><\/div><\/div><\/div><\/div><\/div><\/div><\/div><\/div><\/div><div class=\"grve-section grve-row-section grve-fullwidth-background grve-padding-top-1x grve-padding-bottom-1x grve-with-bg-transparent\" data-header-color=\"default\"><div class=\"grve-container\"><div class=\"grve-row grve-bookmark grve-columns-gap-default grve-mobile-vertical-gap-30\"><div class=\"grve-column wpb_column grve-bookmark grve-column-1  grve-with-bg-transparent\"><div class=\"grve-column-wrapper\"><div class=\"grve-column-content\" ><div class=\"grve-element grve-align-inherit grve-fullwidth-button\"><a href=\"https:\/\/lokkomonkeys.com\/index.php\/category\/audiovisual\/publicidade\/\" title=\"audio visual\" class=\"grve-btn grve-square grve-bg-black grve-border-black grve-bg-hover-primary-2 grve-border-hover-primary-2 grve-pulse grve-text-white grve-text-hover-white grve-btn-medium grve-fullwidth-btn grve-fluid-btn-tall\">\r\n\t\t<span>AUDIO VISUAL - PORTFOLIO<\/span>\r\n\t\t\t\t\t\t\t<\/a><\/div><\/div><\/div><\/div><\/div><\/div><\/div><div class=\"grve-section grve-row-section grve-fullwidth-background grve-padding-top-1x grve-padding-bottom-1x grve-with-bg-transparent\" data-header-color=\"default\"><div class=\"grve-container\"><div class=\"grve-row grve-bookmark grve-columns-gap-default grve-mobile-vertical-gap-30\"><div class=\"grve-column wpb_column grve-bookmark grve-column-1-3  grve-with-bg-transparent grve-empty-column\"><div class=\"grve-column-wrapper\"><div class=\"grve-column-content\" ><\/div><\/div><\/div><div class=\"grve-column wpb_column grve-bookmark grve-column-1-3  grve-with-bg-transparent\"><div class=\"grve-column-wrapper\"><div class=\"grve-column-content\" ><div class=\"grve-element grve-text\">\n\t\t\t<p style=\"text-align: center;\">- OTHER SERVICES -<\/p>\n\n\t\t<\/div>\n\t<div class=\"grve-empty-space grve-height-1x\"><\/div><div class=\"grve-element grve-align-center\"><a href=\"https:\/\/lokkomonkeys.com\/index.php\/design-grafico\/\" title=\"graphic design\" class=\"grve-btn grve-square grve-bg-black grve-border-black grve-bg-hover-primary-2 grve-border-hover-primary-2 grve-pulse grve-text-white grve-text-hover-white grve-btn-medium\">\r\n\t\t<span>GRAPHIC DESIGN<\/span>\r\n\t\t\t\t\t\t\t<\/a><\/div><div class=\"grve-element grve-align-center\"><a href=\"https:\/\/lokkomonkeys.com\/index.php\/website\/\" title=\"website\" class=\"grve-btn grve-square grve-bg-black grve-border-black grve-bg-hover-primary-2 grve-border-hover-primary-2 grve-pulse grve-text-white grve-text-hover-white grve-btn-medium\">\r\n\t\t<span>WEBSITE<\/span>\r\n\t\t\t\t\t\t\t<\/a><\/div><\/div><\/div><\/div><div class=\"grve-column wpb_column grve-bookmark grve-column-1-3  grve-with-bg-transparent grve-empty-column\"><div class=\"grve-column-wrapper\"><div class=\"grve-column-content\" ><\/div><\/div><\/div><\/div><\/div><\/div><div class=\"grve-section grve-row-section grve-fullwidth-background grve-padding-top-1x grve-padding-bottom-1x grve-with-bg-transparent\" data-header-color=\"default\"><div class=\"grve-container\"><div class=\"grve-row grve-bookmark grve-columns-gap-default grve-mobile-vertical-gap-30\"><div class=\"grve-column wpb_column grve-bookmark grve-column-1  grve-with-bg-transparent\"><div class=\"grve-column-wrapper\"><div class=\"grve-column-content\" ><div class=\"grve-empty-space grve-height-2x\"><\/div><\/div><\/div><\/div><\/div><\/div><\/div>","protected":false},"excerpt":{"rendered":"A produ\u00e7\u00e3o audiovisual desempenha um papel essencial na forma como a sociedade cria e consome conte\u00fado. N\u00e3o \u00e9 surpresa que seja uma das principais ferramentas de comunica\u00e7\u00e3o para indiv\u00edduos e empresas atualmente. Afinal, nunca consumimos tantos formatos de v\u00eddeo. REALIZA\u00c7\u00c3OO diretor deve ter um profundo entendimento de cada detalhe do roteiro, mantendo a narrativa coesa [...]","protected":false},"author":1,"featured_media":0,"parent":0,"menu_order":0,"comment_status":"closed","ping_status":"closed","template":"","meta":{"_monsterinsights_skip_tracking":false,"_monsterinsights_sitenote_active":false,"_monsterinsights_sitenote_note":"","_monsterinsights_sitenote_category":0,"iawp_total_views":21,"footnotes":""},"class_list":["post-8854","page","type-page","status-publish","hentry","grve-entry-item"],"jetpack-related-posts":[],"jetpack_sharing_enabled":true,"_links":{"self":[{"href":"https:\/\/lokkomonkeys.com\/en_en\/wp-json\/wp\/v2\/pages\/8854","targetHints":{"allow":["GET"]}}],"collection":[{"href":"https:\/\/lokkomonkeys.com\/en_en\/wp-json\/wp\/v2\/pages"}],"about":[{"href":"https:\/\/lokkomonkeys.com\/en_en\/wp-json\/wp\/v2\/types\/page"}],"author":[{"embeddable":true,"href":"https:\/\/lokkomonkeys.com\/en_en\/wp-json\/wp\/v2\/users\/1"}],"replies":[{"embeddable":true,"href":"https:\/\/lokkomonkeys.com\/en_en\/wp-json\/wp\/v2\/comments?post=8854"}],"version-history":[{"count":36,"href":"https:\/\/lokkomonkeys.com\/en_en\/wp-json\/wp\/v2\/pages\/8854\/revisions"}],"predecessor-version":[{"id":10567,"href":"https:\/\/lokkomonkeys.com\/en_en\/wp-json\/wp\/v2\/pages\/8854\/revisions\/10567"}],"wp:attachment":[{"href":"https:\/\/lokkomonkeys.com\/en_en\/wp-json\/wp\/v2\/media?parent=8854"}],"curies":[{"name":"wp","href":"https:\/\/api.w.org\/{rel}","templated":true}]}}