{"id":8326,"date":"2023-09-01T22:17:17","date_gmt":"2023-09-01T22:17:17","guid":{"rendered":"https:\/\/lokkomonkeys.com\/?page_id=8326"},"modified":"2023-09-30T18:03:26","modified_gmt":"2023-09-30T18:03:26","slug":"website","status":"publish","type":"page","link":"https:\/\/lokkomonkeys.com\/en_en\/website\/","title":{"rendered":"WEBSITE"},"content":{"rendered":"<div class=\"grve-section grve-row-section grve-fullwidth-background grve-padding-bottom-5x grve-with-bg-color\" data-header-color=\"default\"  style=\"background-color:#000000;\"><div class=\"grve-container\"><div class=\"grve-row grve-bookmark grve-columns-gap-none grve-mobile-vertical-gap-50\"><div class=\"grve-column wpb_column grve-bookmark grve-column-1 grve-wpb-1611045187077 grve-tablet-column-1 grve-tablet-sm-column-1 grve-with-bg-transparent grve-align-center\"><div class=\"grve-column-wrapper\"><div class=\"grve-column-content\" ><div class=\"grve-element grve-text\">\n\t\t\t<p style=\"text-align: center;\"><span style=\"color: #ffffff;\">Today, the foundation for any Digital Marketing strategy revolves around <strong>website creation<\/strong>. It serves as the bridge between your company and visitors who may or may not make a purchase based on their experience with your brand.<\/span><\/p>\n<p style=\"text-align: center;\"><span style=\"color: #ffffff;\">Website creation, development of corporate websites, E-commerce websites...<\/span><\/p>\n\n\t\t<\/div>\n\t<\/div><\/div><\/div><\/div><\/div><\/div><div class=\"grve-section grve-row-section grve-fullwidth-background grve-with-bg-color\" data-header-color=\"default\"  style=\"background-color:#000000;\"><div class=\"grve-container\"><div class=\"grve-row grve-bookmark grve-columns-gap-default grve-mobile-vertical-gap-30\"><div class=\"grve-column wpb_column grve-bookmark grve-column-1 grve-wpb-1693524007930 grve-with-bg-color\"><div class=\"grve-column-wrapper\"  style=\"background-color:#000000;\"><div class=\"grve-column-content\" ><div class=\"grve-inner-section grve-headings-white grve-with-bg-transparent\"  style=\"color:#ffffff;\"><div class=\"grve-row-inner grve-bookmark grve-columns-gap-none\"><div class=\"grve-column-inner wpb_column grve-column-1-3 grve-wpb-1694051294453 grve-with-bg-color\"><div class=\"grve-column-wrapper-inner\"  style=\"background-color:#000000;\"><div class=\"grve-column-inner-content\" ><div class=\"grve-element grve-box-icon grve-medium grve-top-icon grve-align-center\"><div class=\"grve-wrapper-icon grve-image-icon\"><div class=\"grve-thumbnail-wrapper\"  style=\"width: 90px;\"><div class=\"grve-thumbnail\"  style=\"padding-top: 100%;\"><img decoding=\"async\" width=\"90\" height=\"90\" src=\"https:\/\/i0.wp.com\/lokkomonkeys.com\/wp-content\/uploads\/2023\/09\/LOKKO-MONKEYS_icone-creacao-1.jpg?fit=90%2C90&amp;ssl=1\" class=\"attachment-full size-full grve-lazy-load lazyload\" alt=\"\" data-column-space=\"auto\" data-lazyload=\"\" data-grve-filter=\"yes\" data-src=\"https:\/\/i0.wp.com\/lokkomonkeys.com\/wp-content\/uploads\/2023\/09\/LOKKO-MONKEYS_icone-creacao-1.jpg?fit=90%2C90&amp;ssl=1\" data-sizes=\"auto\" data-srcset=\"\" data-expand=\"1\" \/><\/div><\/div><\/div><div class=\"grve-box-content\"><h3 class=\"grve-box-title grve-h6 grve-text-primary-2\">WEBSITE CREATION<\/h3><p class=\"\">We are experts in developing WordPress websites, the best and best CMS platform in the world. Easy, intuitive and customized administrative panel.\n\n\n<\/p><\/div><\/div><\/div><\/div><\/div><div class=\"grve-column-inner wpb_column grve-column-1-3 grve-wpb-1694051340848 grve-with-bg-color\"><div class=\"grve-column-wrapper-inner\"  style=\"background-color:#000000;\"><div class=\"grve-column-inner-content\" ><div class=\"grve-element grve-box-icon grve-medium grve-top-icon grve-align-center\"><div class=\"grve-wrapper-icon grve-image-icon\"><div class=\"grve-thumbnail-wrapper\"  style=\"width: 90px;\"><div class=\"grve-thumbnail\"  style=\"padding-top: 100%;\"><img decoding=\"async\" width=\"90\" height=\"90\" src=\"https:\/\/i0.wp.com\/lokkomonkeys.com\/wp-content\/uploads\/2023\/09\/LOKKO-MONKEYS_icone-LANDING-PAGE.jpg?fit=90%2C90&amp;ssl=1\" class=\"attachment-full size-full grve-lazy-load lazyload\" alt=\"\" data-column-space=\"auto\" data-lazyload=\"\" data-grve-filter=\"yes\" data-src=\"https:\/\/i0.wp.com\/lokkomonkeys.com\/wp-content\/uploads\/2023\/09\/LOKKO-MONKEYS_icone-LANDING-PAGE.jpg?fit=90%2C90&amp;ssl=1\" data-sizes=\"auto\" data-srcset=\"\" data-expand=\"1\" \/><\/div><\/div><\/div><div class=\"grve-box-content\"><h3 class=\"grve-box-title grve-h6 grve-text-primary-2\">LANDING PAGE<\/h3><p class=\"\">Customized Landing Pages aimed at converting visitors into Leads or customers. Widely used in Digital Marketing campaigns, as they tend to have high conversion rates.\n\n\n<\/p><\/div><\/div><\/div><\/div><\/div><div class=\"grve-column-inner wpb_column grve-column-1-3 grve-wpb-1694051349233 grve-with-bg-color\"><div class=\"grve-column-wrapper-inner\"  style=\"background-color:#000000;\"><div class=\"grve-column-inner-content\" ><div class=\"grve-element grve-box-icon grve-medium grve-top-icon grve-align-center\"><div class=\"grve-wrapper-icon grve-image-icon\"><div class=\"grve-thumbnail-wrapper\"  style=\"width: 90px;\"><div class=\"grve-thumbnail\"  style=\"padding-top: 100%;\"><img decoding=\"async\" width=\"90\" height=\"90\" src=\"https:\/\/i0.wp.com\/lokkomonkeys.com\/wp-content\/uploads\/2023\/09\/LOKKO-MONKEYS_icone-HOTSITES.jpg?fit=90%2C90&amp;ssl=1\" class=\"attachment-full size-full grve-lazy-load lazyload\" alt=\"\" data-column-space=\"auto\" data-lazyload=\"\" data-grve-filter=\"yes\" data-src=\"https:\/\/i0.wp.com\/lokkomonkeys.com\/wp-content\/uploads\/2023\/09\/LOKKO-MONKEYS_icone-HOTSITES.jpg?fit=90%2C90&amp;ssl=1\" data-sizes=\"auto\" data-srcset=\"\" data-expand=\"1\" \/><\/div><\/div><\/div><div class=\"grve-box-content\"><h3 class=\"grve-box-title grve-h6 grve-text-primary-2\">HOTSITES<\/h3><p class=\"\">A Hotsite is similar to a landing page, its main objective is to sell, publicize events, marketing campaigns, launch a specific product or service.\n\n\n<\/p><\/div><\/div><\/div><\/div><\/div><\/div><\/div><div class=\"grve-inner-section grve-headings-white grve-with-bg-transparent\"  style=\"color:#ffffff;\"><div class=\"grve-row-inner grve-bookmark grve-columns-gap-none\"><div class=\"grve-column-inner wpb_column grve-column-1-3 grve-wpb-1694051370571 grve-with-bg-color\"><div class=\"grve-column-wrapper-inner\"  style=\"background-color:#000000;\"><div class=\"grve-column-inner-content\" ><div class=\"grve-element grve-box-icon grve-medium grve-top-icon grve-align-center\"><div class=\"grve-wrapper-icon grve-image-icon\"><div class=\"grve-thumbnail-wrapper\"  style=\"width: 90px;\"><div class=\"grve-thumbnail\"  style=\"padding-top: 100%;\"><img loading=\"lazy\" decoding=\"async\" width=\"90\" height=\"90\" src=\"https:\/\/i0.wp.com\/lokkomonkeys.com\/wp-content\/uploads\/2023\/09\/LOKKO-MONKEYS_icone-loja-online.jpg?fit=90%2C90&amp;ssl=1\" class=\"attachment-full size-full grve-lazy-load lazyload\" alt=\"\" data-column-space=\"auto\" data-lazyload=\"\" data-grve-filter=\"yes\" data-src=\"https:\/\/i0.wp.com\/lokkomonkeys.com\/wp-content\/uploads\/2023\/09\/LOKKO-MONKEYS_icone-loja-online.jpg?fit=90%2C90&amp;ssl=1\" data-sizes=\"auto\" data-srcset=\"\" data-expand=\"1\" \/><\/div><\/div><\/div><div class=\"grve-box-content\"><h3 class=\"grve-box-title grve-h6 grve-text-primary-2\">ONLINE STORE<\/h3><p class=\"\">We develop virtual stores with advanced resources, without the need to pay commissions for sales, offering our own, easy-to-manage platform.\n\n\n<\/p><\/div><\/div><\/div><\/div><\/div><div class=\"grve-column-inner wpb_column grve-column-1-3 grve-wpb-1694051390812 grve-with-bg-color\"><div class=\"grve-column-wrapper-inner\"  style=\"background-color:#000000;\"><div class=\"grve-column-inner-content\" ><div class=\"grve-element grve-box-icon grve-medium grve-top-icon grve-align-center\"><div class=\"grve-wrapper-icon grve-image-icon\"><div class=\"grve-thumbnail-wrapper\"  style=\"width: 90px;\"><div class=\"grve-thumbnail\"  style=\"padding-top: 100%;\"><img loading=\"lazy\" decoding=\"async\" width=\"90\" height=\"90\" src=\"https:\/\/i0.wp.com\/lokkomonkeys.com\/wp-content\/uploads\/2023\/09\/LOKKO-MONKEYS_icone-MANUTENCAO.jpg?fit=90%2C90&amp;ssl=1\" class=\"attachment-full size-full grve-lazy-load lazyload\" alt=\"\" data-column-space=\"auto\" data-lazyload=\"\" data-grve-filter=\"yes\" data-src=\"https:\/\/i0.wp.com\/lokkomonkeys.com\/wp-content\/uploads\/2023\/09\/LOKKO-MONKEYS_icone-MANUTENCAO.jpg?fit=90%2C90&amp;ssl=1\" data-sizes=\"auto\" data-srcset=\"\" data-expand=\"1\" \/><\/div><\/div><\/div><div class=\"grve-box-content\"><h3 class=\"grve-box-title grve-h6 grve-text-primary-2\">MAINTENANCE<\/h3><p class=\"\">WordPress updates and maintenance, plugins, extensions, components, modules and theme. Incompatibilities fixes, layout fixes, broken links and 404 fixes.\n\n\n<\/p><\/div><\/div><\/div><\/div><\/div><div class=\"grve-column-inner wpb_column grve-column-1-3 grve-wpb-1694051399397 grve-with-bg-color\"><div class=\"grve-column-wrapper-inner\"  style=\"background-color:#000000;\"><div class=\"grve-column-inner-content\" ><div class=\"grve-element grve-box-icon grve-medium grve-top-icon grve-align-center\"><div class=\"grve-wrapper-icon grve-image-icon\"><div class=\"grve-thumbnail-wrapper\"  style=\"width: 90px;\"><div class=\"grve-thumbnail\"  style=\"padding-top: 100%;\"><img loading=\"lazy\" decoding=\"async\" width=\"90\" height=\"90\" src=\"https:\/\/i0.wp.com\/lokkomonkeys.com\/wp-content\/uploads\/2023\/09\/LOKKO-MONKEYS_webdesign.png?fit=90%2C90&amp;ssl=1\" class=\"attachment-full size-full grve-lazy-load lazyload\" alt=\"\" data-column-space=\"auto\" data-lazyload=\"\" data-grve-filter=\"yes\" data-src=\"https:\/\/i0.wp.com\/lokkomonkeys.com\/wp-content\/uploads\/2023\/09\/LOKKO-MONKEYS_webdesign.png?fit=90%2C90&amp;ssl=1\" data-sizes=\"auto\" data-srcset=\"\" data-expand=\"1\" \/><\/div><\/div><\/div><div class=\"grve-box-content\"><h3 class=\"grve-box-title grve-h6 grve-text-primary-2\">CUSTOM<\/h3><p class=\"\">We create your website exclusively, with customized layouts for your brand and with all the details and visual identity of your company.\n\n\n<\/p><\/div><\/div><\/div><\/div><\/div><\/div><\/div><\/div><\/div><\/div><\/div><\/div><\/div><div class=\"grve-section grve-row-section grve-fullwidth-background grve-padding-top-1x grve-padding-bottom-1x grve-with-bg-transparent\" data-header-color=\"default\"><div class=\"grve-container\"><div class=\"grve-row grve-bookmark grve-columns-gap-default grve-mobile-vertical-gap-30\"><div class=\"grve-column wpb_column grve-bookmark grve-column-1  grve-with-bg-transparent\"><div class=\"grve-column-wrapper\"><div class=\"grve-column-content\" ><div class=\"grve-element grve-align-inherit grve-fullwidth-button\"><a href=\"https:\/\/lokkomonkeys.com\/index.php\/category\/website\/\" title=\"PORTFOLIO WEBSITE\" class=\"grve-btn grve-square grve-bg-black grve-border-black grve-bg-hover-primary-2 grve-border-hover-primary-2 grve-pulse grve-text-white grve-text-hover-white grve-btn-medium grve-fullwidth-btn grve-fluid-btn-tall\">\r\n\t\t<span>WEBSITE - PORTF\u00d3LIO<\/span>\r\n\t\t\t\t\t\t\t<\/a><\/div><\/div><\/div><\/div><\/div><\/div><\/div><div class=\"grve-section grve-row-section grve-fullwidth-background grve-padding-top-1x grve-padding-bottom-1x grve-with-bg-transparent\" data-header-color=\"default\"><div class=\"grve-container\"><div class=\"grve-row grve-bookmark grve-columns-gap-default grve-mobile-vertical-gap-30\"><div class=\"grve-column wpb_column grve-bookmark grve-column-1-3  grve-with-bg-transparent grve-empty-column\"><div class=\"grve-column-wrapper\"><div class=\"grve-column-content\" ><\/div><\/div><\/div><div class=\"grve-column wpb_column grve-bookmark grve-column-1-3  grve-with-bg-transparent\"><div class=\"grve-column-wrapper\"><div class=\"grve-column-content\" ><div class=\"grve-element grve-text\">\n\t\t\t<p style=\"text-align: center;\">- OTHER SERVICES -<\/p>\n\n\t\t<\/div>\n\t<div class=\"grve-empty-space grve-height-1x\"><\/div><div class=\"grve-element grve-align-center\"><a href=\"https:\/\/lokkomonkeys.com\/index.php\/audiovisual\/\" title=\"audio visual\" class=\"grve-btn grve-square grve-bg-black grve-border-black grve-bg-hover-primary-2 grve-border-hover-primary-2 grve-pulse grve-text-white grve-text-hover-white grve-btn-medium\">\r\n\t\t<span>AUDIO VISUAL<\/span>\r\n\t\t\t\t\t\t\t<\/a><\/div><div class=\"grve-element grve-align-center\"><a href=\"https:\/\/lokkomonkeys.com\/index.php\/design-grafico\/\" title=\"graphic design\" class=\"grve-btn grve-square grve-bg-black grve-border-black grve-bg-hover-primary-2 grve-border-hover-primary-2 grve-pulse grve-text-white grve-text-hover-white grve-btn-medium\">\r\n\t\t<span>GRAPHIC DESIGN<\/span>\r\n\t\t\t\t\t\t\t<\/a><\/div><\/div><\/div><\/div><div class=\"grve-column wpb_column grve-bookmark grve-column-1-3  grve-with-bg-transparent grve-empty-column\"><div class=\"grve-column-wrapper\"><div class=\"grve-column-content\" ><\/div><\/div><\/div><\/div><\/div><\/div><div class=\"grve-section grve-row-section grve-fullwidth-background grve-padding-top-1x grve-padding-bottom-1x grve-with-bg-transparent\" data-header-color=\"default\"><div class=\"grve-container\"><div class=\"grve-row grve-bookmark grve-columns-gap-default grve-mobile-vertical-gap-30\"><div class=\"grve-column wpb_column grve-bookmark grve-column-1  grve-with-bg-transparent\"><div class=\"grve-column-wrapper\"><div class=\"grve-column-content\" ><div class=\"grve-empty-space grve-height-1x\"><\/div><\/div><\/div><\/div><\/div><\/div><\/div>","protected":false},"excerpt":{"rendered":"Hoje a base para qualquer estrat\u00e9gia de Marketing Digital passa pela Cria\u00e7\u00e3o de sites. \u00c9 o pilar entre a sua empresa e os visitantes que poder\u00e3o comprar ou n\u00e3o conforme a sua experi\u00eancia com a sua marca. Cria\u00e7\u00e3o de sites, desenvolvimento de sites institucionais, Lojas Virtuais... CRIA\u00c7\u00c3O DE SITESSomos especialistas no desenvolvimento de sites WordPress, [...]","protected":false},"author":1,"featured_media":0,"parent":0,"menu_order":0,"comment_status":"closed","ping_status":"closed","template":"","meta":{"_monsterinsights_skip_tracking":false,"_monsterinsights_sitenote_active":false,"_monsterinsights_sitenote_note":"","_monsterinsights_sitenote_category":0,"iawp_total_views":14,"footnotes":""},"class_list":["post-8326","page","type-page","status-publish","hentry","grve-entry-item"],"jetpack-related-posts":[],"jetpack_sharing_enabled":true,"_links":{"self":[{"href":"https:\/\/lokkomonkeys.com\/en_en\/wp-json\/wp\/v2\/pages\/8326","targetHints":{"allow":["GET"]}}],"collection":[{"href":"https:\/\/lokkomonkeys.com\/en_en\/wp-json\/wp\/v2\/pages"}],"about":[{"href":"https:\/\/lokkomonkeys.com\/en_en\/wp-json\/wp\/v2\/types\/page"}],"author":[{"embeddable":true,"href":"https:\/\/lokkomonkeys.com\/en_en\/wp-json\/wp\/v2\/users\/1"}],"replies":[{"embeddable":true,"href":"https:\/\/lokkomonkeys.com\/en_en\/wp-json\/wp\/v2\/comments?post=8326"}],"version-history":[{"count":44,"href":"https:\/\/lokkomonkeys.com\/en_en\/wp-json\/wp\/v2\/pages\/8326\/revisions"}],"predecessor-version":[{"id":10566,"href":"https:\/\/lokkomonkeys.com\/en_en\/wp-json\/wp\/v2\/pages\/8326\/revisions\/10566"}],"wp:attachment":[{"href":"https:\/\/lokkomonkeys.com\/en_en\/wp-json\/wp\/v2\/media?parent=8326"}],"curies":[{"name":"wp","href":"https:\/\/api.w.org\/{rel}","templated":true}]}}