{"id":4924,"date":"2020-08-28T10:06:50","date_gmt":"2020-08-28T10:06:50","guid":{"rendered":"https:\/\/lokkomonkeys.com\/index.php\/about-iii\/"},"modified":"2023-10-05T15:08:25","modified_gmt":"2023-10-05T15:08:25","slug":"quem-somos","status":"publish","type":"page","link":"https:\/\/lokkomonkeys.com\/en_en\/quem-somos\/","title":{"rendered":"ABOUT US?"},"content":{"rendered":"<div class=\"grve-section grve-row-section grve-fullwidth-background grve-percentage-height grve-headings-white grve-with-bg-color\" data-header-color=\"light\" data-height-ratio=\"100\" data-tablet-sm-height-ratio=\"50\"  style=\"background-color:#000000;color:#ffffff;\"><div class=\"grve-container\"><div class=\"grve-row grve-bookmark grve-columns-gap-none grve-percentage-content\"><div class=\"grve-column wpb_column grve-bookmark grve-column-1-2 grve-wpb-1693253003762 grve-vertical-position-bottom grve-with-bg-color\"><div class=\"grve-column-wrapper grve-medium-shadow\"  style=\"background-color:#000000;\"><div class=\"grve-column-content\" ><div class=\"grve-element grve-divider\" style=\"padding-bottom: 30px;\"><div class=\"grve-vertical-divider grve-align-inherit grve-height-4x grve-line-anim-top-bottom\" style=\"width: 1px;\"><span class=\"grve-bg-primary-2\"><\/span><\/div><\/div><h3 class=\"grve-element grve-title grve-align-inherit grve-subtitle-text\" style=\"margin-bottom: 30px;\"><span><br>\n<h1 class=\"translation-block\"><h1>About\u00a0<span style=\"color: #6c8eac\">LOKKO MONKEYS<\/span><h1><\/h1>\n<\/span><\/h3><div class=\"grve-element grve-text\">\n\t\t\t<p style=\"text-align: left;\" class=\"translation-block\"><strong>LOKKO MONKEYS<\/strong> is an innovative and creative fusion of diverse skills in the realms of<strong> audiovisual production, graphic design, and web development.<\/strong><\/p>\n<p style=\"text-align: left;\">These unique competencies come together for a single purpose : <strong>to ensure that your message is seen<\/strong> (and seen well!), <strong>heard, and creates an impact on the web<\/strong>\u00a0<strong>and in the media in general.<\/strong><\/p>\n\n\t\t<\/div>\n\t<div class=\"grve-empty-space grve-height-5x\"><\/div><\/div><\/div><\/div><div class=\"grve-column wpb_column grve-bookmark grve-column-1-2  grve-column-fullheight grve-expand-bg grve-expand-bg-right grve-vertical-position-bottom grve-with-bg-gradient\"><div class=\"grve-column-wrapper\"  style=\"background-color:#6c8eac;background: linear-gradient(135deg,#6c8eac 0%,#30368e 100%);\"><div class=\"grve-column-content\" ><div class=\"grve-empty-space grve-height-5x\"><\/div><div class=\"grve-element grve-image grve-align-right grve-image-space-125 grve-image-expand-width\">\n\t<div class=\"grve-image-item\">\n\t\t\r\n\r\n<div class=\"grve-image-wrapper grve-no-effect\">\r\n\t\t<div class=\"grve-thumbnail-wrapper\"><div class=\"grve-thumbnail\"  style=\"padding-top: 100%;\"><img fetchpriority=\"high\" decoding=\"async\" width=\"768\" height=\"768\" src=\"https:\/\/i0.wp.com\/lokkomonkeys.com\/wp-content\/uploads\/2023\/08\/d8ee1299-cc48-418b-887b-8b519da357d9.jpeg?fit=768%2C768&amp;ssl=1\" class=\"attachment-medium_large size-medium_large grve-lazy-load lazyload\" alt=\"\" data-column-space=\"125\" data-lazyload=\"\" data-grve-filter=\"yes\" srcset=\"https:\/\/lokkomonkeys.com\/wp-content\/themes\/impeka\/images\/empty\/empty.png\" data-src=\"https:\/\/i0.wp.com\/lokkomonkeys.com\/wp-content\/uploads\/2023\/08\/d8ee1299-cc48-418b-887b-8b519da357d9.jpeg?fit=768%2C768&amp;ssl=1\" data-sizes=\"auto\" data-srcset=\"https:\/\/i0.wp.com\/lokkomonkeys.com\/wp-content\/uploads\/2023\/08\/d8ee1299-cc48-418b-887b-8b519da357d9.jpeg?w=1536&amp;ssl=1 1536w, https:\/\/i0.wp.com\/lokkomonkeys.com\/wp-content\/uploads\/2023\/08\/d8ee1299-cc48-418b-887b-8b519da357d9.jpeg?resize=300%2C300&amp;ssl=1 300w, https:\/\/i0.wp.com\/lokkomonkeys.com\/wp-content\/uploads\/2023\/08\/d8ee1299-cc48-418b-887b-8b519da357d9.jpeg?resize=1024%2C1024&amp;ssl=1 1024w, https:\/\/i0.wp.com\/lokkomonkeys.com\/wp-content\/uploads\/2023\/08\/d8ee1299-cc48-418b-887b-8b519da357d9.jpeg?resize=150%2C150&amp;ssl=1 150w, https:\/\/i0.wp.com\/lokkomonkeys.com\/wp-content\/uploads\/2023\/08\/d8ee1299-cc48-418b-887b-8b519da357d9.jpeg?resize=768%2C768&amp;ssl=1 768w, https:\/\/i0.wp.com\/lokkomonkeys.com\/wp-content\/uploads\/2023\/08\/d8ee1299-cc48-418b-887b-8b519da357d9.jpeg?resize=560%2C560&amp;ssl=1 560w, https:\/\/i0.wp.com\/lokkomonkeys.com\/wp-content\/uploads\/2023\/08\/d8ee1299-cc48-418b-887b-8b519da357d9.jpeg?resize=900%2C900&amp;ssl=1 900w\" data-expand=\"1\" \/><\/div><\/div>\t<\/div>\r\n\t<\/div>\n<\/div>\n<div class=\"grve-empty-space grve-height-5x\"><\/div><\/div><\/div><\/div><\/div><\/div><\/div><div class=\"grve-section grve-row-section grve-fullwidth-background grve-padding-top-4x grve-with-bg-color grve-equal-columns\" data-header-color=\"dark\"  style=\"background-color:#ffffff;\"><div class=\"grve-container\"><div class=\"grve-row grve-bookmark grve-columns-gap-15 grve-mobile-vertical-gap-30\"><div class=\"grve-column wpb_column grve-bookmark grve-column-1 grve-wpb-1598941959827 grve-with-bg-transparent\"><div class=\"grve-column-wrapper\"><div class=\"grve-column-content\" ><div class=\"grve-inner-section grve-with-bg-transparent\"><div class=\"grve-row-inner grve-bookmark grve-columns-gap-10 grve-mobile-vertical-gap-30\"><div class=\"grve-column-inner wpb_column grve-column-1-6  grve-tablet-sm-column-hide grve-mobile-column-hide grve-with-bg-transparent grve-empty-column\"><div class=\"grve-column-wrapper-inner\"><div class=\"grve-column-inner-content\" ><\/div><\/div><\/div><div class=\"grve-column-inner wpb_column grve-column-2-3  grve-tablet-sm-column-1 grve-with-bg-transparent grve-align-center\"><div class=\"grve-column-wrapper-inner\"><div class=\"grve-column-inner-content\" ><h3 data-animation=\"fade-in\" data-delay=\"0\" data-duration=\"normal\" class=\"grve-element grve-title grve-align-inherit grve-animated-item grve-subtitle-text\" style=\"margin-bottom: 30px;\"><span><br>\n<h3 style=\"text-align: left;\">Different worlds and origins, but common values are what make <span style=\"color: #6c8eac;\">LOKKO MONKEYS <\/span>so rich.<\/h3>\n<\/span><\/h3><div class=\"grve-element grve-text grve-leader-text grve-animated-item\" data-animation=\"fade-in\" data-delay=\"400\" data-duration=\"normal\">\n\t\t\t<p style=\"text-align: left;\"><strong>LOKKO MONKEYS<\/strong> challenges the typical structure of an agency, with no centralized physical space for our operations. In fact, it's the opposite! <strong>We are constantly on the move and flexible,<\/strong> evolving with your time and its new codes.<\/p>\n<p style=\"text-align: left;\"><strong>In the digital and nomadic era<\/strong>, each of the projects entrusted to us is carried out according to the initial briefing and in the best possible way, without being subject to the principle of \"endless meetings.\"<\/p>\n<p style=\"text-align: left;\">Indeed, we do not believe that a project requires no supervision, at least \"physical\" <strong>&#8211; <em>on the contrary, exchange is essential for the completion of a project!<\/em><\/strong> - but we prioritize efficiency above all, in addition to style and well-executed work!<\/p>\n<p style=\"text-align: left;\">Currently, it is almost inevitable not to collaborate remotely with clients, <strong>thanks to current technologies.<\/strong> We are fully integrated into this reality, seeking creative and productive ways to make the most of this dynamic.<\/p>\n\n\t\t<\/div>\n\t<div class=\"grve-empty-space grve-height-2x\"><\/div><h3 data-animation=\"fade-in\" data-delay=\"0\" data-duration=\"normal\" class=\"grve-element grve-title grve-align-inherit grve-animated-item grve-subtitle-text\" style=\"margin-bottom: 30px;\"><span><br>\n<h3 style=\"text-align: left;\">The story of a <span style=\"color: #6c8eac;\">name<\/span>\u00a0and a <span style=\"color: #6c8eac;\">logo<\/span>\u2026<\/h3>\n<\/span><\/h3><div class=\"grve-element grve-text grve-leader-text grve-animated-item\" data-animation=\"fade-in\" data-delay=\"400\" data-duration=\"normal\">\n\t\t\t<p style=\"text-align: left;\">Expressing everything that drives us through a name and logo is a challenging task. It is always simpler to do this for others.<\/p>\n<p style=\"text-align: left;\">But what about for ourselves? <strong>How do we convey who we are<\/strong>, our remarkable achievements, while maintaining our identity and values, without losing meaning or forgetting a detail?<\/p>\n<p style=\"text-align: left;\">The search begins with a symbol, a myth that speaks to us and that we can divert for any useful purpose... <strong>The three wise monkeys<\/strong> (<em>\"See no evil\", \"hear no evil\", \"speak no evil\")<\/em>.<\/p>\n<p style=\"text-align: left;\">However, as it stands, it says the opposite of what we want to express: <strong>TO BE SEEN, HEARD, AND TALKED ABOUT...<\/strong><\/p>\n<p style=\"text-align: left;\">In the lush jungle of communication, three wise monkeys stand as <strong>guardians of our creative approach, attentive to the world around them, communicating wisely.<\/strong><\/p>\n<p style=\"text-align: left;\">Each one embodies a vital aspect of our way of communicating, encapsulating the innovative spirit that <strong>drives our work in audiovisual, graphic design and web development.<\/strong><\/p>\n\n\t\t<\/div>\n\t<div class=\"grve-empty-space grve-height-2x\"><\/div><\/div><\/div><\/div><div class=\"grve-column-inner wpb_column grve-column-1-6  grve-tablet-sm-column-hide grve-mobile-column-hide grve-with-bg-transparent grve-empty-column\"><div class=\"grve-column-wrapper-inner\"><div class=\"grve-column-inner-content\" ><\/div><\/div><\/div><\/div><\/div><div class=\"grve-element grve-align-inherit grve-fullwidth-button\"><a href=\"https:\/\/lokkomonkeys.com\/en_en\/3-macacos-sabios\/\" title=\"3 monkeys\" class=\"grve-btn grve-square grve-bg-black grve-border-black grve-bg-hover-primary-2 grve-border-hover-primary-2 grve-pulse grve-text-white grve-text-hover-white grve-btn-large grve-fullwidth-btn grve-fluid-btn-medium\">\r\n\t\t<span>The 3 Monkeys of Communication<\/span>\r\n\t\t<span class=\"screen-reader-text\">Click to know +<\/span>\r\n\t\t\t\t\t\t\t<\/a><\/div><div class=\"grve-empty-space grve-height-2x\"><\/div><div class=\"grve-empty-space grve-height-2x\"><\/div><\/div><\/div><\/div><\/div><\/div><\/div><div class=\"grve-section grve-row-section grve-fullwidth-background grve-padding-top-4x grve-padding-bottom-4x grve-with-bg-color\" data-header-color=\"default\"  style=\"background-color:#ffffff;\"><div class=\"grve-container\"><div class=\"grve-row grve-bookmark grve-columns-gap-default grve-mobile-vertical-gap-30\"><div class=\"grve-column wpb_column grve-bookmark grve-column-1  grve-with-bg-transparent\"><div class=\"grve-column-wrapper\"><div class=\"grve-column-content\" ><div class=\"grve-element grve-carousel grve-flexible-carousel\">\n\t<div class=\"grve-carousel-wrapper\">\n\t\t\t\t<div data-items=\"3\" data-items-tablet-landscape=\"3\" data-items-tablet-portrait=\"2\" data-items-mobile=\"1\" data-pagination=\"yes\" data-slider-autoheight=\"\" data-slider-autoplay=\"no\" data-slider-loop=\"no\" data-stage-padding=\"0\" class=\"grve-carousel-element grve-flexible-advanced-carousel flickity\">\n\t\t<div class=\"grve-element grve-fancy-box grve-align-center grve-bg-white grve-radius-5 grve-medium-shadow\"><div class=\"grve-fancy-box-inner\"><div class=\"grve-fancy-box-icon\"><span class=\"grve-icon et-icon-video grve-text-primary-2 grve-large\"><\/span><\/div><h6 class=\"grve-title grve-heading-color grve-h6\" style=\"\">AUDIO VISUAL<\/h6><p class=\"grve-description\">. Realiza\u00e7\u00e3o<br \/>\n. Capta\u00e7\u00e3o de v\u00eddeo<br \/>\n. Editing and post-production<br \/>\n. Streaming<br \/>\n. Animation \/ Motion design<br \/>\n<\/p><div class=\"grve-link-text grve-fancy-box-read-more\">OUR SERVICES<\/div>  <\/div><a href=\"https:\/\/lokkomonkeys.com\/index.php\/audiovisual\/\" title=\"audio visual\" class=\"grve-item-url\"><\/a><div class=\"grve-fancy-box-bg grve-bg-primary-2 grve-radius-5\"><\/div><\/div><div class=\"grve-element grve-fancy-box grve-align-center grve-bg-white grve-radius-5 grve-medium-shadow\"><div class=\"grve-fancy-box-inner\"><div class=\"grve-fancy-box-icon\"><span class=\"grve-icon et-icon-pencil grve-text-primary-2 grve-large\"><\/span><\/div><h6 class=\"grve-title grve-heading-color grve-h6\" style=\"\">GRAPHIC DESIGN<\/h6><p class=\"grve-description\">. Visual Identity and Logo<br \/>\n. Flyers, Banners<br \/>\n. Trifold, Roll up<br \/>\n. Business card<br \/>\nMerchandise<\/p><div class=\"grve-link-text grve-fancy-box-read-more\">OUR SERVICES<\/div>  <\/div><a href=\"https:\/\/lokkomonkeys.com\/index.php\/design-grafico\/\" title=\"graphic design\" class=\"grve-item-url\"><\/a><div class=\"grve-fancy-box-bg grve-bg-primary-2 grve-radius-5\"><\/div><\/div><div class=\"grve-element grve-fancy-box grve-align-center grve-bg-white grve-radius-5 grve-medium-shadow\"><div class=\"grve-fancy-box-inner\"><div class=\"grve-fancy-box-icon\"><span class=\"grve-icon et-icon-laptop grve-text-primary-2 grve-large\"><\/span><\/div><h6 class=\"grve-title grve-heading-color grve-h6\" style=\"\">WEBSITE<\/h6><p class=\"grve-description\">. Landing page<br \/>\nPortfolio<br \/>\n. Online store<br \/>\n. responsive websites<br \/>\n. Custom Websites<br \/>\n<\/p><div class=\"grve-link-text grve-fancy-box-read-more\">OUR SERVICES<\/div>  <\/div><a href=\"https:\/\/lokkomonkeys.com\/index.php\/website\/\" title=\"website\" class=\"grve-item-url\"><\/a><div class=\"grve-fancy-box-bg grve-bg-primary-2 grve-radius-5\"><\/div><\/div>\t\t<\/div>\n\t<\/div>\n<\/div>\n<\/div><\/div><\/div><\/div><\/div><\/div><div class=\"grve-column wpb_column grve-bookmark grve-column-1 grve-wpb-1598941959827 grve-with-bg-transparent grve-empty-column\"><div class=\"grve-column-wrapper\"><div class=\"grve-column-content\" ><\/div><\/div><\/div><div class=\"grve-column-inner wpb_column grve-column-1-6  grve-tablet-sm-column-hide grve-mobile-column-hide grve-with-bg-transparent grve-empty-column\"><div class=\"grve-column-wrapper-inner\"><div class=\"grve-column-inner-content\" ><\/div><\/div><\/div><div class=\"grve-column-inner wpb_column grve-column-2-3  grve-tablet-sm-column-1 grve-with-bg-transparent grve-align-center\"><div class=\"grve-column-wrapper-inner\"><div class=\"grve-column-inner-content\" ><div class=\"grve-empty-space grve-height-1x\"><\/div><div class=\"grve-empty-space grve-height-1x\"><\/div><div class=\"grve-empty-space grve-height-1x\"><\/div><div class=\"grve-empty-space grve-height-1x\"><\/div><\/div><\/div><\/div>","protected":false},"excerpt":{"rendered":"<p>Effortless and intuitive for beginners, and full of potential for more advanced users, Impeka gives you complete freedom to dream up your ideal website and then make it happen, fast.<\/p>","protected":false},"author":1,"featured_media":7997,"parent":0,"menu_order":0,"comment_status":"closed","ping_status":"closed","template":"","meta":{"_monsterinsights_skip_tracking":false,"_monsterinsights_sitenote_active":false,"_monsterinsights_sitenote_note":"","_monsterinsights_sitenote_category":0,"iawp_total_views":43,"footnotes":""},"class_list":["post-4924","page","type-page","status-publish","has-post-thumbnail","hentry","grve-entry-item"],"jetpack-related-posts":[],"jetpack_sharing_enabled":true,"_links":{"self":[{"href":"https:\/\/lokkomonkeys.com\/en_en\/wp-json\/wp\/v2\/pages\/4924","targetHints":{"allow":["GET"]}}],"collection":[{"href":"https:\/\/lokkomonkeys.com\/en_en\/wp-json\/wp\/v2\/pages"}],"about":[{"href":"https:\/\/lokkomonkeys.com\/en_en\/wp-json\/wp\/v2\/types\/page"}],"author":[{"embeddable":true,"href":"https:\/\/lokkomonkeys.com\/en_en\/wp-json\/wp\/v2\/users\/1"}],"replies":[{"embeddable":true,"href":"https:\/\/lokkomonkeys.com\/en_en\/wp-json\/wp\/v2\/comments?post=4924"}],"version-history":[{"count":239,"href":"https:\/\/lokkomonkeys.com\/en_en\/wp-json\/wp\/v2\/pages\/4924\/revisions"}],"predecessor-version":[{"id":11093,"href":"https:\/\/lokkomonkeys.com\/en_en\/wp-json\/wp\/v2\/pages\/4924\/revisions\/11093"}],"wp:featuredmedia":[{"embeddable":true,"href":"https:\/\/lokkomonkeys.com\/en_en\/wp-json\/wp\/v2\/media\/7997"}],"wp:attachment":[{"href":"https:\/\/lokkomonkeys.com\/en_en\/wp-json\/wp\/v2\/media?parent=4924"}],"curies":[{"name":"wp","href":"https:\/\/api.w.org\/{rel}","templated":true}]}}