{"id":10473,"date":"2023-09-29T00:12:25","date_gmt":"2023-09-29T00:12:25","guid":{"rendered":"https:\/\/lokkomonkeys.com\/?page_id=10473"},"modified":"2023-10-05T21:24:34","modified_gmt":"2023-10-05T21:24:34","slug":"3-macacos-sabios","status":"publish","type":"page","link":"https:\/\/lokkomonkeys.com\/en_en\/3-macacos-sabios\/","title":{"rendered":"3 monkeys"},"content":{"rendered":"<div class=\"grve-section grve-row-section grve-fullwidth-background grve-padding-top-1x grve-padding-bottom-1x grve-with-bg-transparent\" data-header-color=\"default\"><div class=\"grve-container\"><div class=\"grve-row grve-bookmark grve-columns-gap-default grve-mobile-vertical-gap-30\"><div class=\"grve-column wpb_column grve-bookmark grve-column-1  grve-with-bg-transparent\"><div class=\"grve-column-wrapper\"><div class=\"grve-column-content\" ><div class=\"grve-empty-space grve-height-1x\"><\/div><div class=\"grve-element grve-text\">\n\t\t\t<h6 style=\"text-align: left;\">These three monkeys of wisdom, with \u201cI see, I hear, I speak\u201d, encapsulate the vibrant and bold essence of our approach in the fields of audiovisual, graphics and website.<\/h6>\n\n\t\t<\/div>\n\t<div class=\"grve-empty-space grve-height-1x\"><\/div><div class=\"grve-element grve-text\">\n\t\t\t<h6 style=\"text-align: left;\">Each monkey reflects our commitment to see beyond, listen with sensitivity, and express boldly and impactfully in every project we undertake.<\/h6>\n\n\t\t<\/div>\n\t<\/div><\/div><\/div><\/div><\/div><\/div><div class=\"grve-section grve-row-section grve-fullwidth-background grve-padding-top-1x grve-padding-bottom-1x grve-with-bg-transparent\" data-header-color=\"default\"><div class=\"grve-container\"><div class=\"grve-row grve-bookmark grve-columns-gap-default grve-mobile-vertical-gap-30\"><div class=\"grve-column wpb_column grve-bookmark grve-column-1  grve-with-bg-transparent\"><div class=\"grve-column-wrapper\"><div class=\"grve-column-content\" ><div class=\"grve-element grve-image-text grve-style-1 grve-position-left\"><div class=\"grve-image\"><div class=\"grve-thumbnail-wrapper\"><div class=\"grve-thumbnail\"  style=\"padding-top: 100%;\"><img fetchpriority=\"high\" decoding=\"async\" width=\"900\" height=\"900\" src=\"https:\/\/i0.wp.com\/lokkomonkeys.com\/wp-content\/uploads\/2023\/09\/LOKKO-MONKEYS_MACACO-EU-VEJO.jpg?fit=900%2C900&amp;ssl=1\" class=\"attachment-full size-full grve-lazy-load lazyload\" alt=\"\" srcset=\"https:\/\/lokkomonkeys.com\/wp-content\/themes\/impeka\/images\/empty\/empty.png\" data-column-space=\"100\" data-lazyload=\"\" data-grve-filter=\"yes\" data-src=\"https:\/\/i0.wp.com\/lokkomonkeys.com\/wp-content\/uploads\/2023\/09\/LOKKO-MONKEYS_MACACO-EU-VEJO.jpg?fit=900%2C900&amp;ssl=1\" data-sizes=\"auto\" data-srcset=\"https:\/\/i0.wp.com\/lokkomonkeys.com\/wp-content\/uploads\/2023\/09\/LOKKO-MONKEYS_MACACO-EU-VEJO.jpg?fit=900%2C900&amp;ssl=1 1x,https:\/\/i0.wp.com\/lokkomonkeys.com\/wp-content\/uploads\/2023\/09\/LOKKO-MONKEYS_MACACO-EU-VEJO.jpg?fit=900%2C900&amp;ssl=1 2x\" data-expand=\"1\" \/><\/div><\/div><\/div><div class=\"grve-content grve-align-left\"><div class=\"grve-content-inner\"><h3 class=\"grve-title grve-h3\">`I See`` The Ravenous Vision Monkey<\/h3><p class=\"grve-description\">This visionary monkey, sporting futuristic glasses, represents our bold approach to video production and editing. Going beyond the obvious, we explore unconventional angles, vibrant colors, and engaging narratives. We are masters in the art of storytelling, bringing images to life from capture to post-production, with editing and visual effects that captivate.<br \/>\n<\/p><a href=\"https:\/\/lokkomonkeys.com\/index.php\/category\/audiovisual\/publicidade\/\" title=\"PORTFOLIO AUDIO VISUAL\" class=\"grve-btn grve-square grve-bg-black grve-border-black grve-bg-hover-primary-2 grve-border-hover-primary-2 grve-pulse grve-text-white grve-text-hover-white grve-btn-medium\">\r\n\t\t<span>PORTFOLIO AUDIO VISUAL<\/span>\r\n\t\t\t\t\t\t\t<\/a><\/div><\/div><\/div><div class=\"grve-empty-space grve-height-1x\"><\/div><div class=\"grve-element grve-image-text grve-style-1 grve-position-left\"><div class=\"grve-image\"><div class=\"grve-thumbnail-wrapper\"><div class=\"grve-thumbnail\"  style=\"padding-top: 100%;\"><img decoding=\"async\" width=\"900\" height=\"900\" src=\"https:\/\/i0.wp.com\/lokkomonkeys.com\/wp-content\/uploads\/2023\/09\/lokko-monkeys_eu-ouco.jpg?fit=900%2C900&amp;ssl=1\" class=\"attachment-full size-full grve-lazy-load lazyload\" alt=\"\" srcset=\"https:\/\/lokkomonkeys.com\/wp-content\/themes\/impeka\/images\/empty\/empty.png\" data-column-space=\"100\" data-lazyload=\"\" data-grve-filter=\"yes\" data-src=\"https:\/\/i0.wp.com\/lokkomonkeys.com\/wp-content\/uploads\/2023\/09\/lokko-monkeys_eu-ouco.jpg?fit=900%2C900&amp;ssl=1\" data-sizes=\"auto\" data-srcset=\"https:\/\/i0.wp.com\/lokkomonkeys.com\/wp-content\/uploads\/2023\/09\/lokko-monkeys_eu-ouco.jpg?fit=900%2C900&amp;ssl=1 1x,https:\/\/i0.wp.com\/lokkomonkeys.com\/wp-content\/uploads\/2023\/09\/lokko-monkeys_eu-ouco.jpg?fit=900%2C900&amp;ssl=1 2x\" data-expand=\"1\" \/><\/div><\/div><\/div><div class=\"grve-content grve-align-left\"><div class=\"grve-content-inner\"><h3 class=\"grve-title grve-h3\">``I Hear`` The Amplified Hearing Monkey<\/h3><p class=\"grve-description\">This monkey, with ears adorned with graphics, emdoies our ability to listen carefully to the nuances of design. We transform concepts into captivating graphic elements, a visual symphony that harmonizes shapes, colors, and patterns masterfully. We listen to our clients, creating visual identities that resonate with their needs and desires.<\/p><a href=\"https:\/\/lokkomonkeys.com\/index.php\/category\/design-grafico\/\" title=\"GRAPHIC DESIGN PORTFOLIO\" class=\"grve-btn grve-square grve-bg-black grve-border-black grve-bg-hover-primary-2 grve-border-hover-primary-2 grve-pulse grve-text-white grve-text-hover-white grve-btn-medium\">\r\n\t\t<span>GRAPHIC DESIGN PORTFOLIO<\/span>\r\n\t\t\t\t\t\t\t<\/a><\/div><\/div><\/div><div class=\"grve-empty-space grve-height-1x\"><\/div><div class=\"grve-element grve-image-text grve-style-1 grve-position-left\"><div class=\"grve-image\"><div class=\"grve-thumbnail-wrapper\"><div class=\"grve-thumbnail\"  style=\"padding-top: 100%;\"><img decoding=\"async\" width=\"900\" height=\"900\" src=\"https:\/\/i0.wp.com\/lokkomonkeys.com\/wp-content\/uploads\/2023\/09\/lokko-monkeys_eu-falo.jpg?fit=900%2C900&amp;ssl=1\" class=\"attachment-full size-full grve-lazy-load lazyload\" alt=\"\" srcset=\"https:\/\/lokkomonkeys.com\/wp-content\/themes\/impeka\/images\/empty\/empty.png\" data-column-space=\"100\" data-lazyload=\"\" data-grve-filter=\"yes\" data-src=\"https:\/\/i0.wp.com\/lokkomonkeys.com\/wp-content\/uploads\/2023\/09\/lokko-monkeys_eu-falo.jpg?fit=900%2C900&amp;ssl=1\" data-sizes=\"auto\" data-srcset=\"https:\/\/i0.wp.com\/lokkomonkeys.com\/wp-content\/uploads\/2023\/09\/lokko-monkeys_eu-falo.jpg?fit=900%2C900&amp;ssl=1 1x,https:\/\/i0.wp.com\/lokkomonkeys.com\/wp-content\/uploads\/2023\/09\/lokko-monkeys_eu-falo.jpg?fit=900%2C900&amp;ssl=1 2x\" data-expand=\"1\" \/><\/div><\/div><\/div><div class=\"grve-content grve-align-left\"><div class=\"grve-content-inner\"><h3 class=\"grve-title grve-h3\">``I Say`` The Monkey of Electronic Expression<\/h3><p class=\"grve-description\">This monkey has a digital mouth, symbolizing the spread of the message online. It represents our ability to communicate and share ideas through digital platforms. Our websites are like digital megaphones, amplifying our creative voice and ensuring that our message is heard loud and clear in cyberspace.<\/p><a href=\"https:\/\/lokkomonkeys.com\/index.php\/category\/website\/\" title=\"WEBSITE PORTFOLIO\" class=\"grve-btn grve-square grve-bg-black grve-border-black grve-bg-hover-primary-2 grve-border-hover-primary-2 grve-pulse grve-text-white grve-text-hover-white grve-btn-medium\">\r\n\t\t<span>WEBSITE PORTFOLIO<\/span>\r\n\t\t\t\t\t\t\t<\/a><\/div><\/div><\/div><\/div><\/div><\/div><\/div><\/div><\/div>","protected":false},"excerpt":{"rendered":"Esses tr\u00eas macacos da sabedoria, com \"eu vejo, eu ou\u00e7o, eu digo\", encapsulam a ess\u00eancia vibrante e ousada da nossa abordagem nas \u00e1reas do audiovisual, grafismo e website. Cada macaco reflete nosso compromisso em enxergar al\u00e9m, ouvir com sensibilidade e expressar de forma ousada e impactante em todos os projetos que realizamos. ``Eu Vejo`` O [...]","protected":false},"author":1,"featured_media":7997,"parent":0,"menu_order":0,"comment_status":"closed","ping_status":"closed","template":"","meta":{"_monsterinsights_skip_tracking":false,"_monsterinsights_sitenote_active":false,"_monsterinsights_sitenote_note":"","_monsterinsights_sitenote_category":0,"iawp_total_views":1,"footnotes":""},"class_list":["post-10473","page","type-page","status-publish","has-post-thumbnail","hentry","grve-entry-item"],"jetpack-related-posts":[],"jetpack_sharing_enabled":true,"_links":{"self":[{"href":"https:\/\/lokkomonkeys.com\/en_en\/wp-json\/wp\/v2\/pages\/10473","targetHints":{"allow":["GET"]}}],"collection":[{"href":"https:\/\/lokkomonkeys.com\/en_en\/wp-json\/wp\/v2\/pages"}],"about":[{"href":"https:\/\/lokkomonkeys.com\/en_en\/wp-json\/wp\/v2\/types\/page"}],"author":[{"embeddable":true,"href":"https:\/\/lokkomonkeys.com\/en_en\/wp-json\/wp\/v2\/users\/1"}],"replies":[{"embeddable":true,"href":"https:\/\/lokkomonkeys.com\/en_en\/wp-json\/wp\/v2\/comments?post=10473"}],"version-history":[{"count":44,"href":"https:\/\/lokkomonkeys.com\/en_en\/wp-json\/wp\/v2\/pages\/10473\/revisions"}],"predecessor-version":[{"id":11095,"href":"https:\/\/lokkomonkeys.com\/en_en\/wp-json\/wp\/v2\/pages\/10473\/revisions\/11095"}],"wp:featuredmedia":[{"embeddable":true,"href":"https:\/\/lokkomonkeys.com\/en_en\/wp-json\/wp\/v2\/media\/7997"}],"wp:attachment":[{"href":"https:\/\/lokkomonkeys.com\/en_en\/wp-json\/wp\/v2\/media?parent=10473"}],"curies":[{"name":"wp","href":"https:\/\/api.w.org\/{rel}","templated":true}]}}